{"id":5605,"date":"2025-01-13T13:54:41","date_gmt":"2025-01-13T06:54:41","guid":{"rendered":"https:\/\/sanancorp.com\/v2\/?page_id=5605"},"modified":"2026-01-29T16:51:14","modified_gmt":"2026-01-29T09:51:14","slug":"contact","status":"publish","type":"page","link":"https:\/\/sanancorp.com\/vi\/contact\/","title":{"rendered":"Contact"},"content":{"rendered":"\t\t<div data-elementor-type=\"wp-page\" data-elementor-id=\"5605\" class=\"elementor elementor-5605\" data-elementor-settings=\"[]\">\n\t\t\t\t\t\t<div class=\"elementor-inner\">\n\t\t\t\t\t\t\t<div class=\"elementor-section-wrap\">\n\t\t\t\t\t\t\t<section class=\"elementor-section elementor-top-section elementor-element elementor-element-91b37d4 elementor-section-boxed elementor-section-height-default elementor-section-height-default\" data-id=\"91b37d4\" data-element_type=\"section\">\n\t\t\t\t\t\t<div class=\"elementor-container elementor-column-gap-default\">\n\t\t\t\t\t\t\t<div class=\"elementor-row\">\n\t\t\t\t\t<div class=\"aux-parallax-section elementor-column elementor-col-100 elementor-top-column elementor-element elementor-element-77aabf8\" data-id=\"77aabf8\" data-element_type=\"column\">\n\t\t\t<div class=\"elementor-column-wrap elementor-element-populated\">\n\t\t\t\t\t\t\t<div class=\"elementor-widget-wrap\">\n\t\t\t\t\t\t<section class=\"elementor-section elementor-inner-section elementor-element elementor-element-7de3853 elementor-section-full_width elementor-section-height-default elementor-section-height-default\" data-id=\"7de3853\" data-element_type=\"section\">\n\t\t\t\t\t\t<div class=\"elementor-container elementor-column-gap-default\">\n\t\t\t\t\t\t\t<div class=\"elementor-row\">\n\t\t\t\t\t<div class=\"aux-parallax-section elementor-column elementor-col-50 elementor-inner-column elementor-element elementor-element-80b3b71\" data-id=\"80b3b71\" data-element_type=\"column\">\n\t\t\t<div class=\"elementor-column-wrap elementor-element-populated\">\n\t\t\t\t\t\t\t<div class=\"elementor-widget-wrap\">\n\t\t\t\t\t\t<div class=\"elementor-element elementor-element-dc082bf elementor-widget elementor-widget-heading\" data-id=\"dc082bf\" data-element_type=\"widget\" data-widget_type=\"heading.default\">\n\t\t\t\t<div class=\"elementor-widget-container\">\n\t\t\t<h2 class=\"elementor-heading-title elementor-size-default\">Contact Us<\/h2>\t\t<\/div>\n\t\t\t\t<\/div>\n\t\t\t\t<div class=\"elementor-element elementor-element-fa10274 elementor-widget elementor-widget-heading\" data-id=\"fa10274\" data-element_type=\"widget\" data-widget_type=\"heading.default\">\n\t\t\t\t<div class=\"elementor-widget-container\">\n\t\t\t<h2 class=\"elementor-heading-title elementor-size-default\">Li\u00ean h\u1ec7 v\u1edbi ch\u00fang t\u00f4i\n<\/h2>\t\t<\/div>\n\t\t\t\t<\/div>\n\t\t\t\t\t\t<\/div>\n\t\t\t\t\t<\/div>\n\t\t<\/div>\n\t\t\t\t<div class=\"aux-parallax-section elementor-column elementor-col-50 elementor-inner-column elementor-element elementor-element-a1d42cb\" data-id=\"a1d42cb\" data-element_type=\"column\">\n\t\t\t<div class=\"elementor-column-wrap elementor-element-populated\">\n\t\t\t\t\t\t\t<div class=\"elementor-widget-wrap\">\n\t\t\t\t\t\t<div class=\"elementor-element elementor-element-07bf4d6 elementor-widget elementor-widget-heading\" data-id=\"07bf4d6\" data-element_type=\"widget\" data-widget_type=\"heading.default\">\n\t\t\t\t<div class=\"elementor-widget-container\">\n\t\t\t<h2 class=\"elementor-heading-title elementor-size-default\">contact us<\/h2>\t\t<\/div>\n\t\t\t\t<\/div>\n\t\t\t\t\t\t<\/div>\n\t\t\t\t\t<\/div>\n\t\t<\/div>\n\t\t\t\t\t\t\t\t<\/div>\n\t\t\t\t\t<\/div>\n\t\t<\/section>\n\t\t\t\t\t\t<\/div>\n\t\t\t\t\t<\/div>\n\t\t<\/div>\n\t\t\t\t\t\t\t\t<\/div>\n\t\t\t\t\t<\/div>\n\t\t<\/section>\n\t\t\t\t<section class=\"elementor-section elementor-top-section elementor-element elementor-element-0f748d0 elementor-section-boxed elementor-section-height-default elementor-section-height-default\" data-id=\"0f748d0\" data-element_type=\"section\">\n\t\t\t\t\t\t<div class=\"elementor-container elementor-column-gap-default\">\n\t\t\t\t\t\t\t<div class=\"elementor-row\">\n\t\t\t\t\t<div class=\"aux-parallax-section elementor-column elementor-col-100 elementor-top-column elementor-element elementor-element-2306d41\" data-id=\"2306d41\" data-element_type=\"column\">\n\t\t\t<div class=\"elementor-column-wrap elementor-element-populated\">\n\t\t\t\t\t\t\t<div class=\"elementor-widget-wrap\">\n\t\t\t\t\t\t<section class=\"elementor-section elementor-inner-section elementor-element elementor-element-b156573 elementor-section-full_width elementor-section-height-default elementor-section-height-default\" data-id=\"b156573\" data-element_type=\"section\">\n\t\t\t\t\t\t<div class=\"elementor-container elementor-column-gap-custom\">\n\t\t\t\t\t\t\t<div class=\"elementor-row\">\n\t\t\t\t\t<div class=\"aux-parallax-section elementor-column elementor-col-50 elementor-inner-column elementor-element elementor-element-323829d contact-form\" data-id=\"323829d\" data-element_type=\"column\">\n\t\t\t<div class=\"elementor-column-wrap elementor-element-populated\">\n\t\t\t\t\t\t\t<div class=\"elementor-widget-wrap\">\n\t\t\t\t\t\t<div class=\"elementor-element elementor-element-31c41d6 form-contact elementor-button-align-end elementor-mobile-button-align-center elementor-widget elementor-widget-form\" data-id=\"31c41d6\" data-element_type=\"widget\" data-settings=\"{&quot;step_next_label&quot;:&quot;Next&quot;,&quot;step_previous_label&quot;:&quot;Previous&quot;,&quot;button_width&quot;:&quot;100&quot;,&quot;step_type&quot;:&quot;number_text&quot;,&quot;step_icon_shape&quot;:&quot;circle&quot;}\" data-widget_type=\"form.default\">\n\t\t\t\t<div class=\"elementor-widget-container\">\n\t\t\t\t\t<form class=\"elementor-form\" method=\"post\" name=\"New Form\">\n\t\t\t<input type=\"hidden\" name=\"post_id\" value=\"5605\"\/>\n\t\t\t<input type=\"hidden\" name=\"form_id\" value=\"31c41d6\"\/>\n\t\t\t<input type=\"hidden\" name=\"referer_title\" value=\"SanAn Corp\" \/>\n\n\t\t\t\n\t\t\t<div class=\"elementor-form-fields-wrapper elementor-labels-above\">\n\t\t\t\t\t\t\t\t<div class=\"elementor-field-type-text elementor-field-group elementor-column elementor-field-group-name elementor-col-100 elementor-md-100 elementor-field-required elementor-mark-required\">\n\t\t\t\t\t<label for=\"form-field-name\" class=\"elementor-field-label\"> H\u1ecd v\u00e0 t\u00ean<\/label><input size=\"1\" type=\"text\" name=\"form_fields[name]\" id=\"form-field-name\" class=\"elementor-field elementor-size-lg  elementor-field-textual\" required=\"required\" aria-required=\"true\">\t\t\t\t<\/div>\n\t\t\t\t\t\t\t\t<div class=\"elementor-field-type-text elementor-field-group elementor-column elementor-field-group-company elementor-col-100 elementor-md-100 elementor-field-required elementor-mark-required\">\n\t\t\t\t\t<label for=\"form-field-company\" class=\"elementor-field-label\">T\u00ean c\u00f4ng ty \/ T\u1ed5 ch\u1ee9c<\/label><input size=\"1\" type=\"text\" name=\"form_fields[company]\" id=\"form-field-company\" class=\"elementor-field elementor-size-lg  elementor-field-textual\" required=\"required\" aria-required=\"true\">\t\t\t\t<\/div>\n\t\t\t\t\t\t\t\t<div class=\"elementor-field-type-email elementor-field-group elementor-column elementor-field-group-phone elementor-col-100 elementor-md-100 elementor-field-required elementor-mark-required\">\n\t\t\t\t\t<label for=\"form-field-phone\" class=\"elementor-field-label\">\u0110\u1ecba ch\u1ec9 email<\/label><input size=\"1\" type=\"email\" name=\"form_fields[phone]\" id=\"form-field-phone\" class=\"elementor-field elementor-size-lg  elementor-field-textual\" required=\"required\" aria-required=\"true\">\t\t\t\t<\/div>\n\t\t\t\t\t\t\t\t<div class=\"elementor-field-type-tel elementor-field-group elementor-column elementor-field-group-email elementor-col-100 elementor-md-100\">\n\t\t\t\t\t<label for=\"form-field-email\" class=\"elementor-field-label\">S\u1ed1 \u0111i\u1ec7n tho\u1ea1i<\/label><input size=\"1\" type=\"tel\" name=\"form_fields[email]\" id=\"form-field-email\" class=\"elementor-field elementor-size-lg  elementor-field-textual\" pattern=\"[0-9()#&amp;+*-=.]+\" title=\"Only numbers and phone characters (#, -, *, etc) are accepted.\">\t\t\t\t<\/div>\n\t\t\t\t\t\t\t\t<div class=\"elementor-field-type-select elementor-field-group elementor-column elementor-field-group-field_15aab72 elementor-col-100 elementor-md-100 elementor-field-required elementor-mark-required\">\n\t\t\t\t\t<label for=\"form-field-field_15aab72\" class=\"elementor-field-label\">N\u1ed9i dung li\u00ean h\u1ec7<\/label>\t\t<div class=\"elementor-field elementor-select-wrapper \">\n\t\t\t<select name=\"form_fields[field_15aab72]\" id=\"form-field-field_15aab72\" class=\"elementor-field-textual elementor-size-lg\" required=\"required\" aria-required=\"true\">\n\t\t\t\t<option value=\"Vui l\u00f2ng ch\u1ecdn lo\u1ea1i y\u00eau c\u1ea7u:\">Vui l\u00f2ng ch\u1ecdn lo\u1ea1i y\u00eau c\u1ea7u:<\/option><option value=\"Li\u00ean h\u1ec7 v\u1ec1 tuy\u1ec3n d\u1ee5ng\">Li\u00ean h\u1ec7 v\u1ec1 tuy\u1ec3n d\u1ee5ng<\/option><option value=\"Li\u00ean h\u1ec7 v\u1ec1 qu\u1ea3ng c\u00e1o\">Li\u00ean h\u1ec7 v\u1ec1 qu\u1ea3ng c\u00e1o<\/option><option value=\"Li\u00ean h\u1ec7 kh\u00e1c\">Li\u00ean h\u1ec7 kh\u00e1c<\/option>\t\t\t<\/select>\n\t\t<\/div>\n\t\t\t\t\t\t<\/div>\n\t\t\t\t\t\t\t\t<div class=\"elementor-field-type-textarea elementor-field-group elementor-column elementor-field-group-message elementor-col-100 elementor-md-100 elementor-field-required elementor-mark-required\">\n\t\t\t\t\t<label for=\"form-field-message\" class=\"elementor-field-label\">Chi ti\u1ebft n\u1ed9i dung li\u00ean h\u1ec7<\/label><textarea class=\"elementor-field-textual elementor-field  elementor-size-lg\" name=\"form_fields[message]\" id=\"form-field-message\" rows=\"10\" required=\"required\" aria-required=\"true\"><\/textarea>\t\t\t\t<\/div>\n\t\t\t\t\t\t\t\t<div class=\"elementor-field-type-acceptance elementor-field-group elementor-column elementor-field-group-field_01754da elementor-col-100\">\n\t\t\t\t\t<div class=\"elementor-field-subgroup\"><span class=\"elementor-field-option\"><input type=\"checkbox\" name=\"form_fields[field_01754da]\" id=\"form-field-field_01754da\" class=\"elementor-field elementor-size-lg  elementor-acceptance-field\"> <label for=\"form-field-field_01754da\"><a href=\"https:\/\/sanancorp.com\/policy\/\">T\u00f4i \u0111\u1ed3ng \u00fd v\u1edbi ch\u00ednh s\u00e1ch th\u00f4ng tin c\u00e1 nh\u00e2n<\/a><\/label><\/span><\/div>\t\t\t\t<\/div>\n\t\t\t\t\t\t\t\t<div class=\"elementor-field-group elementor-column elementor-field-type-submit elementor-col-100 e-form__buttons\">\n\t\t\t\t\t<button type=\"submit\" class=\"elementor-button elementor-size-xs\" id=\"btn-submit\">\n\t\t\t\t\t\t<span >\n\t\t\t\t\t\t\t\t\t\t\t\t\t\t\t<span class=\" elementor-button-icon\">\n\t\t\t\t\t\t\t\t\t\t\t\t\t\t\t\t\t\t\t\t\t\t\t\t\t\t<\/span>\n\t\t\t\t\t\t\t\t\t\t\t\t\t\t\t\t\t\t\t\t\t\t<span class=\"elementor-button-text\">G\u1eedi \u0111i<\/span>\n\t\t\t\t\t\t\t\t\t\t\t\t\t<\/span>\n\t\t\t\t\t<\/button>\n\t\t\t\t<\/div>\n\t\t\t<\/div>\n\t\t<\/form>\n\t\t\t\t<\/div>\n\t\t\t\t<\/div>\n\t\t\t\t\t\t<\/div>\n\t\t\t\t\t<\/div>\n\t\t<\/div>\n\t\t\t\t<div class=\"aux-parallax-section elementor-column elementor-col-50 elementor-inner-column elementor-element elementor-element-9e517a8\" data-id=\"9e517a8\" data-element_type=\"column\" data-settings=\"{&quot;background_background&quot;:&quot;classic&quot;}\">\n\t\t\t<div class=\"elementor-column-wrap elementor-element-populated\">\n\t\t\t\t\t\t\t<div class=\"elementor-widget-wrap\">\n\t\t\t\t\t\t<div class=\"elementor-element elementor-element-418326b elementor-align-center contact-info elementor-icon-list--layout-traditional elementor-list-item-link-full_width elementor-widget elementor-widget-icon-list\" data-id=\"418326b\" data-element_type=\"widget\" data-widget_type=\"icon-list.default\">\n\t\t\t\t<div class=\"elementor-widget-container\">\n\t\t\t\t\t<ul class=\"elementor-icon-list-items\">\n\t\t\t\t\t\t\t<li class=\"elementor-icon-list-item\">\n\t\t\t\t\t\t\t\t\t\t\t<span class=\"elementor-icon-list-icon\">\n\t\t\t\t\t\t\t<svg xmlns=\"http:\/\/www.w3.org\/2000\/svg\" width=\"58\" height=\"46\" viewBox=\"0 0 58 46\" fill=\"none\"><path d=\"M6.33366 45.6663C4.77533 45.6663 3.42949 45.1233 2.29616 44.0372C1.21005 42.9038 0.666992 41.558 0.666992 39.9997V5.99967C0.666992 4.44134 1.21005 3.11912 2.29616 2.03301C3.42949 0.899674 4.77533 0.333008 6.33366 0.333008H51.667C53.2253 0.333008 54.5476 0.899674 55.6337 2.03301C56.767 3.11912 57.3337 4.44134 57.3337 5.99967V39.9997C57.3337 41.558 56.767 42.9038 55.6337 44.0372C54.5476 45.1233 53.2253 45.6663 51.667 45.6663H6.33366ZM29.0003 25.833L51.667 11.6663V5.99967L29.0003 20.1663L6.33366 5.99967V11.6663L29.0003 25.833Z\" fill=\"white\"><\/path><\/svg>\t\t\t\t\t\t<\/span>\n\t\t\t\t\t\t\t\t\t\t<span class=\"elementor-icon-list-text\">contact@sanancorp.com<\/span>\n\t\t\t\t\t\t\t\t\t<\/li>\n\t\t\t\t\t\t\t\t<li class=\"elementor-icon-list-item\">\n\t\t\t\t\t\t\t\t\t\t\t<span class=\"elementor-icon-list-icon\">\n\t\t\t\t\t\t\t<svg xmlns=\"http:\/\/www.w3.org\/2000\/svg\" width=\"68\" height=\"68\" viewBox=\"0 0 68 68\" fill=\"none\"><path d=\"M34 55.8576C33.4333 55.8576 32.9476 55.6957 32.5429 55.3718C32.1381 55.048 31.8345 54.623 31.6321 54.0968C30.8631 51.8302 29.8917 49.7052 28.7179 47.7218C27.5845 45.7385 25.9857 43.4111 23.9214 40.7397C21.8571 38.0683 20.1774 35.5183 18.8821 33.0897C17.6274 30.6611 17 27.7266 17 24.2861C17 19.5504 18.6393 15.5433 21.9179 12.2647C25.2369 8.94566 29.2643 7.28613 34 7.28613C38.7357 7.28613 42.7429 8.94566 46.0214 12.2647C49.3405 15.5433 51 19.5504 51 24.2861C51 27.9695 50.2917 31.0457 48.875 33.5147C47.4988 35.9433 45.9 38.3516 44.0786 40.7397C41.8929 43.654 40.2333 46.0826 39.1 48.0254C38.0071 49.9278 37.0964 51.9516 36.3679 54.0968C36.1655 54.6635 35.8417 55.1088 35.3964 55.4326C34.9917 55.7159 34.5262 55.8576 34 55.8576ZM34 30.3576C35.7 30.3576 37.1369 29.7707 38.3107 28.5968C39.4845 27.423 40.0714 25.9861 40.0714 24.2861C40.0714 22.5861 39.4845 21.1492 38.3107 19.9754C37.1369 18.8016 35.7 18.2147 34 18.2147C32.3 18.2147 30.8631 18.8016 29.6893 19.9754C28.5155 21.1492 27.9286 22.5861 27.9286 24.2861C27.9286 25.9861 28.5155 27.423 29.6893 28.5968C30.8631 29.7707 32.3 30.3576 34 30.3576Z\" fill=\"white\"><\/path><path d=\"M50 53.8331C50 54.4151 49.7056 55.074 48.9493 55.7809C48.1914 56.4894 47.0404 57.1734 45.5346 57.7687C42.5288 58.957 38.3079 59.7141 33.5952 59.7141C28.8824 59.7141 24.6616 58.957 21.6558 57.7687C20.15 57.1734 18.999 56.4894 18.241 55.7809C17.4847 55.074 17.1904 54.4151 17.1904 53.8331C17.1904 53.2511 17.4847 52.5922 18.241 51.8853C18.999 51.1768 20.15 50.4928 21.6558 49.8975C24.6616 48.7092 28.8824 47.9521 33.5952 47.9521C38.3079 47.9521 42.5288 48.7092 45.5346 49.8975C47.0404 50.4928 48.1914 51.1768 48.9493 51.8853C49.7056 52.5922 50 53.2511 50 53.8331Z\" stroke=\"white\" stroke-width=\"2\"><\/path><\/svg>\t\t\t\t\t\t<\/span>\n\t\t\t\t\t\t\t\t\t\t<span class=\"elementor-icon-list-text\">T\u1ea7ng 1, To\u00e0 nh\u00e0 CIC, s\u1ed1 1 ph\u1ed1 Nguy\u1ec5n Th\u1ecb Du\u1ec7, ph\u01b0\u1eddng Y\u00ean Ho\u00e0, TP. H\u00e0 N\u1ed9i<\/span>\n\t\t\t\t\t\t\t\t\t<\/li>\n\t\t\t\t\t\t\t\t<li class=\"elementor-icon-list-item\">\n\t\t\t\t\t\t\t\t\t\t\t<span class=\"elementor-icon-list-icon\">\n\t\t\t\t\t\t\t<svg xmlns=\"http:\/\/www.w3.org\/2000\/svg\" width=\"50\" height=\"50\" viewBox=\"0 0 50 50\" fill=\"none\"><path d=\"M49.2838 37.0789V44.3909C49.2865 45.0697 49.1472 45.7416 48.8747 46.3635C48.6023 46.9855 48.2026 47.5438 47.7015 48.0026C47.2003 48.4615 46.6086 48.8109 45.9643 49.0284C45.32 49.2458 44.6373 49.3266 43.9599 49.2655C36.445 48.4506 29.2263 45.8877 22.8841 41.7829C16.9834 38.0408 11.9806 33.048 8.23111 27.159C4.10381 20.8006 1.53531 13.5612 0.733689 6.02746C0.672661 5.35346 0.752921 4.67416 0.969359 4.03282C1.1858 3.39147 1.53367 2.80213 1.99083 2.30231C2.44799 1.8025 3.00442 1.40316 3.62469 1.12972C4.24497 0.856284 4.9155 0.714741 5.59358 0.714103H12.9201C14.1053 0.702462 15.2543 1.12133 16.1529 1.89263C17.0515 2.66393 17.6385 3.73503 17.8044 4.90629C18.1136 7.24628 18.6871 9.54385 19.5139 11.7552C19.8425 12.6275 19.9136 13.5756 19.7188 14.4871C19.524 15.3986 19.0715 16.2352 18.4149 16.8979L15.3134 19.9933C18.7899 26.0952 23.8523 31.1476 29.9663 34.6172L33.0679 31.5218C33.7319 30.8665 34.5702 30.4149 35.4834 30.2205C36.3967 30.0261 37.3467 30.0971 38.2208 30.425C40.4365 31.2502 42.7386 31.8225 45.0833 32.1312C46.2696 32.2982 47.353 32.8945 48.1275 33.8068C48.902 34.7191 49.3135 35.8836 49.2838 37.0789Z\" fill=\"white\"><\/path><\/svg>\t\t\t\t\t\t<\/span>\n\t\t\t\t\t\t\t\t\t\t<span class=\"elementor-icon-list-text\">(+84) 24-3206-5683<\/span>\n\t\t\t\t\t\t\t\t\t<\/li>\n\t\t\t\t\t\t<\/ul>\n\t\t\t\t<\/div>\n\t\t\t\t<\/div>\n\t\t\t\t\t\t<\/div>\n\t\t\t\t\t<\/div>\n\t\t<\/div>\n\t\t\t\t\t\t\t\t<\/div>\n\t\t\t\t\t<\/div>\n\t\t<\/section>\n\t\t\t\t\t\t<\/div>\n\t\t\t\t\t<\/div>\n\t\t<\/div>\n\t\t\t\t\t\t\t\t<\/div>\n\t\t\t\t\t<\/div>\n\t\t<\/section>\n\t\t\t\t\t\t<\/div>\n\t\t\t\t\t\t<\/div>\n\t\t\t\t\t<\/div>\n\t\t","protected":false},"excerpt":{"rendered":"<p>Contact Us Li\u00ean h\u1ec7 v\u1edbi ch\u00fang t\u00f4i contact us contact@sanancorp.com T\u1ea7ng 1, To\u00e0 nh\u00e0 CIC, s\u1ed1 1 ph\u1ed1 Nguy\u1ec5n Th\u1ecb Du\u1ec7, ph\u01b0\u1eddng Y\u00ean Ho\u00e0, TP. H\u00e0 N\u1ed9i (+84) 24-3206-5683<\/p>\n","protected":false},"author":7,"featured_media":0,"parent":0,"menu_order":0,"comment_status":"closed","ping_status":"closed","template":"","meta":[],"yoast_head":"<!-- This site is optimized with the Yoast SEO plugin v16.4 - https:\/\/yoast.com\/wordpress\/plugins\/seo\/ -->\n<title>Contact<\/title>\n<meta name=\"robots\" content=\"index, follow, max-snippet:-1, max-image-preview:large, max-video-preview:-1\" \/>\n<link rel=\"canonical\" href=\"https:\/\/sanancorp.com\/vi\/contact\/\" \/>\n<meta property=\"og:locale\" content=\"vi_VN\" \/>\n<meta property=\"og:type\" content=\"article\" \/>\n<meta property=\"og:title\" content=\"Contact\" \/>\n<meta property=\"og:description\" content=\"Contact Us Li\u00ean h\u1ec7 v\u1edbi ch\u00fang t\u00f4i contact us contact@sanancorp.com T\u1ea7ng 1, To\u00e0 nh\u00e0 CIC, s\u1ed1 1 ph\u1ed1 Nguy\u1ec5n Th\u1ecb Du\u1ec7, ph\u01b0\u1eddng Y\u00ean Ho\u00e0, TP. H\u00e0 N\u1ed9i (+84) 24-3206-5683\" \/>\n<meta property=\"og:url\" content=\"https:\/\/sanancorp.com\/vi\/contact\/\" \/>\n<meta property=\"og:site_name\" content=\"SanAn Corp\" \/>\n<meta property=\"article:modified_time\" content=\"2026-01-29T09:51:14+00:00\" \/>\n<meta property=\"og:image\" content=\"https:\/\/sanancorp.com\/wp-content\/uploads\/2024\/06\/Untitled-design.png\" \/>\n\t<meta property=\"og:image:width\" content=\"717\" \/>\n\t<meta property=\"og:image:height\" content=\"375\" \/>\n<meta name=\"twitter:card\" content=\"summary_large_image\" \/>\n<meta name=\"twitter:label1\" content=\"\u01af\u1edbc t\u00ednh th\u1eddi gian \u0111\u1ecdc\" \/>\n\t<meta name=\"twitter:data1\" content=\"2 ph\u00fat\" \/>\n<script type=\"application\/ld+json\" class=\"yoast-schema-graph\">{\"@context\":\"https:\/\/schema.org\",\"@graph\":[{\"@type\":\"Organization\",\"@id\":\"https:\/\/sanancorp.com\/en\/#organization\",\"name\":\"SanAn\",\"url\":\"https:\/\/sanancorp.com\/en\/\",\"sameAs\":[],\"logo\":{\"@type\":\"ImageObject\",\"@id\":\"https:\/\/sanancorp.com\/en\/#logo\",\"inLanguage\":\"vi\",\"url\":\"https:\/\/sanancorp.com\/\/v2\/wp-content\/uploads\/2024\/06\/Untitled-design.png\",\"contentUrl\":\"https:\/\/sanancorp.com\/\/v2\/wp-content\/uploads\/2024\/06\/Untitled-design.png\",\"width\":717,\"height\":375,\"caption\":\"SanAn\"},\"image\":{\"@id\":\"https:\/\/sanancorp.com\/en\/#logo\"}},{\"@type\":\"WebSite\",\"@id\":\"https:\/\/sanancorp.com\/en\/#website\",\"url\":\"https:\/\/sanancorp.com\/en\/\",\"name\":\"SanAn Corp\",\"description\":\"Gi\\u1ea3i ph\\u00e1p qu\\u1ea3n l\\u00fd tr\\u01b0\\u1eddng m\\u1ea7m non v\\u00e0 t\\u01b0 v\\u1ea5n \\u0111\\u1ea7u t\\u01b0\",\"publisher\":{\"@id\":\"https:\/\/sanancorp.com\/en\/#organization\"},\"potentialAction\":[{\"@type\":\"SearchAction\",\"target\":\"https:\/\/sanancorp.com\/en\/?s={search_term_string}\",\"query-input\":\"required name=search_term_string\"}],\"inLanguage\":\"vi\"},{\"@type\":\"ImageObject\",\"@id\":\"https:\/\/sanancorp.com\/contact\/#primaryimage\",\"inLanguage\":\"vi\",\"url\":\"https:\/\/sanancorp.com\/wp-content\/uploads\/2024\/06\/Untitled-design.png\",\"contentUrl\":\"https:\/\/sanancorp.com\/wp-content\/uploads\/2024\/06\/Untitled-design.png\",\"width\":717,\"height\":375},{\"@type\":\"WebPage\",\"@id\":\"https:\/\/sanancorp.com\/contact\/#webpage\",\"url\":\"https:\/\/sanancorp.com\/contact\/\",\"name\":\"Contact\",\"isPartOf\":{\"@id\":\"https:\/\/sanancorp.com\/en\/#website\"},\"datePublished\":\"2025-01-13T06:54:41+00:00\",\"dateModified\":\"2026-01-29T09:51:14+00:00\",\"breadcrumb\":{\"@id\":\"https:\/\/sanancorp.com\/contact\/#breadcrumb\"},\"inLanguage\":\"vi\",\"potentialAction\":[{\"@type\":\"ReadAction\",\"target\":[\"https:\/\/sanancorp.com\/contact\/\"]}]},{\"@type\":\"BreadcrumbList\",\"@id\":\"https:\/\/sanancorp.com\/contact\/#breadcrumb\",\"itemListElement\":[{\"@type\":\"ListItem\",\"position\":1,\"item\":{\"@type\":\"WebPage\",\"@id\":\"https:\/\/sanancorp.com\/\",\"url\":\"https:\/\/sanancorp.com\/\",\"name\":\"home\"}},{\"@type\":\"ListItem\",\"position\":2,\"item\":{\"@id\":\"https:\/\/sanancorp.com\/contact\/#webpage\"}}]}]}<\/script>\n<!-- \/ Yoast SEO plugin. -->","_links":{"self":[{"href":"https:\/\/sanancorp.com\/vi\/wp-json\/wp\/v2\/pages\/5605"}],"collection":[{"href":"https:\/\/sanancorp.com\/vi\/wp-json\/wp\/v2\/pages"}],"about":[{"href":"https:\/\/sanancorp.com\/vi\/wp-json\/wp\/v2\/types\/page"}],"author":[{"embeddable":true,"href":"https:\/\/sanancorp.com\/vi\/wp-json\/wp\/v2\/users\/7"}],"replies":[{"embeddable":true,"href":"https:\/\/sanancorp.com\/vi\/wp-json\/wp\/v2\/comments?post=5605"}],"version-history":[{"count":290,"href":"https:\/\/sanancorp.com\/vi\/wp-json\/wp\/v2\/pages\/5605\/revisions"}],"predecessor-version":[{"id":9913,"href":"https:\/\/sanancorp.com\/vi\/wp-json\/wp\/v2\/pages\/5605\/revisions\/9913"}],"wp:attachment":[{"href":"https:\/\/sanancorp.com\/vi\/wp-json\/wp\/v2\/media?parent=5605"}],"curies":[{"name":"wp","href":"https:\/\/api.w.org\/{rel}","templated":true}]}}